{"id":220,"date":"2024-04-24T15:22:49","date_gmt":"2024-04-24T15:22:49","guid":{"rendered":"https:\/\/www.gaiascall.com\/?page_id=220"},"modified":"2026-04-06T09:08:34","modified_gmt":"2026-04-06T09:08:34","slug":"blog","status":"publish","type":"page","link":"https:\/\/www.gaiascall.com\/index.php\/blog\/","title":{"rendered":"Blog"},"content":{"rendered":"\n<div class=\"et_pb_section_0 et_pb_section et_section_regular et_block_section\"><div class=\"et_pb_row_0 et_pb_row et_block_row\"><div class=\"et_pb_column_0 et_pb_column et_pb_column_1_2 et_block_column et_pb_css_mix_blend_mode_passthrough\"><div class=\"et_pb_text_0 et_pb_text et_pb_bg_layout_light et_pb_module et_block_module\"><div class=\"et_pb_text_inner\"><h1>\u00a0 \u00a0 \u00a0 \u00a0My Blog<\/h1>\n<\/div><\/div><div class=\"et_pb_module et_pb_button_module_wrapper et_pb_button_0_wrapper\"><a class=\"et_pb_button_0 et_pb_button et_pb_bg_layout_light et_pb_module et_block_module\" href=\"\">Subscribe<\/a><\/div><\/div><div class=\"et_pb_column_1 et_pb_column et_pb_column_1_2 et-last-child et_block_column et_pb_css_mix_blend_mode_passthrough\"><div class=\"et_pb_post_slider_0 et_pb_post_slider et_pb_bg_layout_light et_pb_slider et_pb_slider_fullwidth_off et_pb_post_slider_image_background et_pb_slider_with_overlay et_clickable et_pb_module et_block_module\"><div class=\"et_pb_slides\"><div class=\"et_pb_slide et_pb_post_slide-628\" style=\"background-image:\"><div class=\"et_pb_slide_overlay_container\"><\/div><div class=\"et_pb_container clearfix\"><div class=\"et_pb_slider_container_inner\"><div class=\"et_pb_slide_description\"><h2 class=\"et_pb_slide_title\"><a href=\"https:\/\/www.gaiascall.com\/index.php\/2024\/07\/19\/the-sense-of-sensual-dancing\/\">The Sense of Sensual Dancing<\/a><\/h2><div class=\"et_pb_slide_content\"><p class=\"post-meta\">by <span class=\"author vcard\"><a href=\"https:\/\/www.gaiascall.com\/index.php\/author\/olivia\/\" title=\"Posts by Olivia\" rel=\"author\">Olivia<\/a><\/span> | <span class=\"published\">19. July 2024<\/span> | <a href=\"https:\/\/www.gaiascall.com\/index.php\/category\/blog\/\" rel=\"category tag\">Blog<\/a> | 1 Comment<\/p><div class=\"et_pb_slide_content_body\"><p>Sensuality and pleasure To me, sensuality is the ability to both feel and express ourselves through our senses. Sensuality is therefore the prerequisite for the ability to sense pleasure.\u00a0 By pleasure, I don&#8217;t necessarily mean sexual or ecstatic pleasure. I simply&#8230;<\/p>\n<\/div><\/div><div class=\"et_pb_button_wrapper\"><a class=\"et_pb_button et_pb_more_button\" href=\"https:\/\/www.gaiascall.com\/index.php\/2024\/07\/19\/the-sense-of-sensual-dancing\/\">Read More<\/a><\/div><\/div><\/div><\/div><\/div><div class=\"et_pb_slide et_pb_post_slide-246\" style=\"background-image:\"><div class=\"et_pb_slide_overlay_container\"><\/div><div class=\"et_pb_container clearfix\"><div class=\"et_pb_slider_container_inner\"><div class=\"et_pb_slide_description\"><h2 class=\"et_pb_slide_title\"><a href=\"https:\/\/www.gaiascall.com\/index.php\/2024\/04\/24\/was-ist-sinnlichkeit\/\">Was ist Sinnlichkeit? Und warum halte ich es f\u00fcr sinnvoll, sinnlich zu tanzen?<\/a><\/h2><div class=\"et_pb_slide_content\"><p class=\"post-meta\">by <span class=\"author vcard\"><a href=\"https:\/\/www.gaiascall.com\/index.php\/author\/olivia\/\" title=\"Posts by Olivia\" rel=\"author\">Olivia<\/a><\/span> | <span class=\"published\">24. April 2024<\/span> | <a href=\"https:\/\/www.gaiascall.com\/index.php\/category\/blog\/\" rel=\"category tag\">Blog<\/a> | 0 Comments<\/p><div class=\"et_pb_slide_content_body\"><p>Sinnlichkeit und Genuss Sinnlichkeit ist f\u00fcr mich die F\u00e4higkeit \u00fcber unsere Sinne sowohl zu f\u00fchlen, als auch uns auszudr\u00fccken. Sinnlichkeit ist somit die Voraussetzung f\u00fcr die F\u00e4higkeit zu genie\u00dfen.\u00a0 Mit Genuss meine ich nicht unbedingt sexuellen oder ekstatischen&#8230;<\/p>\n<\/div><\/div><div class=\"et_pb_button_wrapper\"><a class=\"et_pb_button et_pb_more_button\" href=\"https:\/\/www.gaiascall.com\/index.php\/2024\/04\/24\/was-ist-sinnlichkeit\/\">Read More<\/a><\/div><\/div><\/div><\/div><\/div><\/div><\/div><\/div><\/div><\/div><div class=\"et_pb_section_1 et_pb_section et_section_regular et_block_section\"><div class=\"et_pb_row_1 et_pb_row et_pb_equal_columns et_block_row\"><div class=\"et_pb_column_2 et_pb_column et_pb_column_1_2 et_block_column et_pb_css_mix_blend_mode_passthrough\"><div class=\"et_pb_divider_0 et_pb_divider et_pb_space et_pb_divider_position_top et_pb_module\"><div class=\"et_pb_divider_internal\"><\/div><\/div><div class=\"et_pb_text_1 et_pb_text et_pb_bg_layout_light et_pb_module et_block_module\"><div class=\"et_pb_text_inner\"><h2>Sign up for my Blog<\/h2>\n<h2>or follow me on Instagram<\/h2>\n<p>Read more about my work and research in this blog.<\/p>\n<\/div><\/div><div class=\"et_pb_module et_pb_button_module_wrapper et_pb_button_1_wrapper\"><a class=\"et_pb_button_1 et_pb_button et_pb_bg_layout_light et_pb_module et_block_module\" href=\"\">Sign Up Today<\/a><\/div><div class=\"et_pb_module et_pb_button_module_wrapper et_pb_button_2_wrapper\"><a class=\"et_pb_button_2 et_pb_button et_pb_bg_layout_light et_pb_module et_block_module\" href=\"https:\/\/www.instagram.com\/gaias_call?igsh=bWtzd3FzOWc2ZjM%3D&#038;utm_source=qr\" data-icon=\"\ue09a\">Follow me on<\/a><\/div><\/div><div class=\"et_pb_column_3 et_pb_column et_pb_column_1_2 et-last-child et_block_column et_pb_css_mix_blend_mode_passthrough\"><div class=\"et_pb_image_0 et_pb_image et_pb_module et_block_module\"><span class=\"et_pb_image_wrap\"><img loading=\"lazy\" decoding=\"async\" src=\"https:\/\/www.gaiascall.com\/wp-content\/uploads\/2024\/06\/IMG_1742.mov\" width=\"1080\" height=\"1920\" sizes=\"(max-width: 1080px) 100vw, 1080px\" class=\"wp-image-383\" title=\"Blog Olivia Gaia Vog\u00e9e Psychologist\" alt=\"Olivia Gaia Vog\u00e9e - GAIASCALL.COM\" \/><\/span><\/div><\/div><\/div><\/div><div class=\"et_pb_section_2 et_pb_section et_section_regular et_block_section\"><div class=\"et_pb_row_2 et_pb_row et_block_row\"><div class=\"et_pb_column_4 et_pb_column et_pb_column_1_2 et_block_column et_pb_css_mix_blend_mode_passthrough\"><div class=\"et_pb_text_2 et_pb_text et_pb_bg_layout_dark et_pb_module et_block_module\"><div class=\"et_pb_text_inner\"><h6>Follow me on Instagram<\/h6>\n<\/div><\/div><ul class=\"et_pb_social_media_follow_0 et_pb_social_media_follow clearfix et_pb_bg_layout_light et_pb_module et_block_module\"><li class=\"et_pb_social_media_follow_network_0 et_pb_social_media_follow_network et_pb_social_icon et_pb_social_network_link et-social-instagram et_pb_module et_flex_module\"><a href=\"https:\/\/www.instagram.com\/gaias_call?igsh=bWtzd3FzOWc2ZjM%3D&#038;utm_source=qr\" class=\"icon\" target=\"_self\" title=\"Follow on Instagram\" rel=\"noopener\"><span class=\"et_pb_social_media_follow_network_name\">Follow<\/span><\/a><\/li><\/ul><\/div><div class=\"et_pb_column_5 et_pb_column et_pb_column_1_2 et-last-child et_block_column et_pb_column_empty et_pb_css_mix_blend_mode_passthrough\"><\/div><\/div><div class=\"et_pb_row_3 et_pb_row et_pb_row_1-4_1-4_1-2 et_block_row et_block_row_1-4_1-4_1-2\"><div class=\"et_pb_column_6 et_pb_column et_pb_column_1_4 et_block_column et_pb_css_mix_blend_mode_passthrough\"><div class=\"et_pb_text_3 et_pb_text et_pb_bg_layout_dark et_pb_module et_block_module\"><div class=\"et_pb_text_inner\"><h6>Opening Hours<\/h6>\n<p>Mo-Fri: 8 AM &#8211; 5 PM<br \/> Sat: 9 AM &#8211; 2 PM<\/p>\n<\/div><\/div><div class=\"et_pb_text_4 et_pb_text et_pb_bg_layout_dark et_pb_module et_block_module\"><div class=\"et_pb_text_inner\"><h6>Phone<\/h6>\n<p>0049 175 7265658<\/p>\n<\/div><\/div><\/div><div class=\"et_pb_column_7 et_pb_column et_pb_column_1_4 et_block_column et_pb_css_mix_blend_mode_passthrough\"><div class=\"et_pb_text_5 et_pb_text et_pb_bg_layout_dark et_pb_module et_block_module\"><div class=\"et_pb_text_inner\"><h6>Address<\/h6>\n<p>Erdmannstra\u00dfe 10<br \/>22765 Hamburg<\/p>\n<\/div><\/div><div class=\"et_pb_text_6 et_pb_text et_pb_bg_layout_dark et_pb_module et_block_module\"><div class=\"et_pb_text_inner\"><h6>Email<\/h6>\n<p>info@gaiascall.com<\/p>\n<\/div><\/div><\/div><div class=\"et_pb_column_8 et_pb_column et_pb_column_1_2 et-last-child et_block_column et_pb_css_mix_blend_mode_passthrough\"><div class=\"et_pb_signup_0 et_pb_signup et_pb_newsletter et_pb_subscribe et_pb_no_bg et_pb_newsletter_description_no_content et_pb_bg_layout_dark et_pb_module et_flex_module\"><div class=\"et_pb_newsletter_description\"><h2 class=\"et_pb_module_header\">Newsletter<\/h2><\/div><div class=\"et_pb_newsletter_form\"><form method=\"post\" class=\"\"><div class=\"et_pb_newsletter_result et_pb_newsletter_error\"><\/div><div class=\"et_pb_newsletter_result et_pb_newsletter_success\"><h2>Success!<\/h2><\/div><div class=\"et_pb_newsletter_fields et_flex_module\"><p class=\"et_pb_newsletter_field et_pb_contact_field_last et_pb_contact_field_last_tablet et_pb_contact_field_last_phone\"><label class=\"et_pb_contact_form_label\" for=\"et_pb_signup_email\" style=\"display: none;\">Email<\/label><input class=\"input\" id=\"et_pb_signup_email\" type=\"text\" placeholder=\"Email\" name=\"et_pb_signup_email\" \/><\/p><p class=\"et_pb_newsletter_button_wrap\"><a class=\"et_pb_button et_pb_newsletter_button\" href=\"#\"><span class=\"et_subscribe_loader\"><\/span><span class=\"et_pb_newsletter_button_text\">Sign Up<\/span><\/a><\/p><\/div><input type=\"hidden\" name=\"et_pb_signup_provider\" value=\"mailchimp\" \/><input type=\"hidden\" name=\"et_pb_signup_list_id\" value=\"42d4a98af1\" \/><input type=\"hidden\" name=\"et_pb_signup_account_name\" value=\"SlavaET\" \/><input type=\"hidden\" name=\"et_pb_signup_ip_address\" value=\"true\" \/><input type=\"hidden\" name=\"et_pb_signup_checksum\" value=\"10e98802d3dc39ed125d3cf2ca7bd15c\" \/><\/form><\/div><\/div><\/div><\/div><\/div>\n","protected":false},"excerpt":{"rendered":"","protected":false},"author":1,"featured_media":0,"parent":0,"menu_order":0,"comment_status":"closed","ping_status":"closed","template":"","meta":{"footnotes":""},"class_list":["post-220","page","type-page","status-publish","hentry"],"yoast_head":"<!-- This site is optimized with the Yoast SEO plugin v24.2 - https:\/\/yoast.com\/wordpress\/plugins\/seo\/ -->\n<title>Blog - Olivia Gaia Vog\u00e9e, Psychologist<\/title>\n<meta name=\"robots\" content=\"index, follow, max-snippet:-1, max-image-preview:large, max-video-preview:-1\" \/>\n<link rel=\"canonical\" href=\"https:\/\/www.gaiascall.com\/index.php\/blog\/\" \/>\n<meta property=\"og:locale\" content=\"en_US\" \/>\n<meta property=\"og:type\" content=\"article\" \/>\n<meta property=\"og:title\" content=\"Blog - Olivia Gaia Vog\u00e9e, Psychologist\" \/>\n<meta property=\"og:url\" content=\"https:\/\/www.gaiascall.com\/index.php\/blog\/\" \/>\n<meta property=\"og:site_name\" content=\"Olivia Gaia Vog\u00e9e, Psychologist\" \/>\n<meta property=\"article:modified_time\" content=\"2026-04-06T09:08:34+00:00\" \/>\n<meta name=\"twitter:card\" content=\"summary_large_image\" \/>\n<script type=\"application\/ld+json\" class=\"yoast-schema-graph\">{\"@context\":\"https:\/\/schema.org\",\"@graph\":[{\"@type\":\"WebPage\",\"@id\":\"https:\/\/www.gaiascall.com\/index.php\/blog\/\",\"url\":\"https:\/\/www.gaiascall.com\/index.php\/blog\/\",\"name\":\"Blog - Olivia Gaia Vog\u00e9e, Psychologist\",\"isPartOf\":{\"@id\":\"https:\/\/www.gaiascall.com\/#website\"},\"datePublished\":\"2024-04-24T15:22:49+00:00\",\"dateModified\":\"2026-04-06T09:08:34+00:00\",\"breadcrumb\":{\"@id\":\"https:\/\/www.gaiascall.com\/index.php\/blog\/#breadcrumb\"},\"inLanguage\":\"en-US\",\"potentialAction\":[{\"@type\":\"ReadAction\",\"target\":[\"https:\/\/www.gaiascall.com\/index.php\/blog\/\"]}]},{\"@type\":\"BreadcrumbList\",\"@id\":\"https:\/\/www.gaiascall.com\/index.php\/blog\/#breadcrumb\",\"itemListElement\":[{\"@type\":\"ListItem\",\"position\":1,\"name\":\"Startseite\",\"item\":\"https:\/\/www.gaiascall.com\/\"},{\"@type\":\"ListItem\",\"position\":2,\"name\":\"Blog\"}]},{\"@type\":\"WebSite\",\"@id\":\"https:\/\/www.gaiascall.com\/#website\",\"url\":\"https:\/\/www.gaiascall.com\/\",\"name\":\"Gaia's Call \u30fbOlivia Gaia Vog\u00e9e \u30fb Psychologist\",\"description\":\"\",\"potentialAction\":[{\"@type\":\"SearchAction\",\"target\":{\"@type\":\"EntryPoint\",\"urlTemplate\":\"https:\/\/www.gaiascall.com\/?s={search_term_string}\"},\"query-input\":{\"@type\":\"PropertyValueSpecification\",\"valueRequired\":true,\"valueName\":\"search_term_string\"}}],\"inLanguage\":\"en-US\"}]}<\/script>\n<!-- \/ Yoast SEO plugin. -->","yoast_head_json":{"title":"Blog - Olivia Gaia Vog\u00e9e, Psychologist","robots":{"index":"index","follow":"follow","max-snippet":"max-snippet:-1","max-image-preview":"max-image-preview:large","max-video-preview":"max-video-preview:-1"},"canonical":"https:\/\/www.gaiascall.com\/index.php\/blog\/","og_locale":"en_US","og_type":"article","og_title":"Blog - Olivia Gaia Vog\u00e9e, Psychologist","og_url":"https:\/\/www.gaiascall.com\/index.php\/blog\/","og_site_name":"Olivia Gaia Vog\u00e9e, Psychologist","article_modified_time":"2026-04-06T09:08:34+00:00","twitter_card":"summary_large_image","schema":{"@context":"https:\/\/schema.org","@graph":[{"@type":"WebPage","@id":"https:\/\/www.gaiascall.com\/index.php\/blog\/","url":"https:\/\/www.gaiascall.com\/index.php\/blog\/","name":"Blog - Olivia Gaia Vog\u00e9e, Psychologist","isPartOf":{"@id":"https:\/\/www.gaiascall.com\/#website"},"datePublished":"2024-04-24T15:22:49+00:00","dateModified":"2026-04-06T09:08:34+00:00","breadcrumb":{"@id":"https:\/\/www.gaiascall.com\/index.php\/blog\/#breadcrumb"},"inLanguage":"en-US","potentialAction":[{"@type":"ReadAction","target":["https:\/\/www.gaiascall.com\/index.php\/blog\/"]}]},{"@type":"BreadcrumbList","@id":"https:\/\/www.gaiascall.com\/index.php\/blog\/#breadcrumb","itemListElement":[{"@type":"ListItem","position":1,"name":"Startseite","item":"https:\/\/www.gaiascall.com\/"},{"@type":"ListItem","position":2,"name":"Blog"}]},{"@type":"WebSite","@id":"https:\/\/www.gaiascall.com\/#website","url":"https:\/\/www.gaiascall.com\/","name":"Gaia's Call \u30fbOlivia Gaia Vog\u00e9e \u30fb Psychologist","description":"","potentialAction":[{"@type":"SearchAction","target":{"@type":"EntryPoint","urlTemplate":"https:\/\/www.gaiascall.com\/?s={search_term_string}"},"query-input":{"@type":"PropertyValueSpecification","valueRequired":true,"valueName":"search_term_string"}}],"inLanguage":"en-US"}]}},"_links":{"self":[{"href":"https:\/\/www.gaiascall.com\/index.php\/wp-json\/wp\/v2\/pages\/220","targetHints":{"allow":["GET"]}}],"collection":[{"href":"https:\/\/www.gaiascall.com\/index.php\/wp-json\/wp\/v2\/pages"}],"about":[{"href":"https:\/\/www.gaiascall.com\/index.php\/wp-json\/wp\/v2\/types\/page"}],"author":[{"embeddable":true,"href":"https:\/\/www.gaiascall.com\/index.php\/wp-json\/wp\/v2\/users\/1"}],"replies":[{"embeddable":true,"href":"https:\/\/www.gaiascall.com\/index.php\/wp-json\/wp\/v2\/comments?post=220"}],"version-history":[{"count":11,"href":"https:\/\/www.gaiascall.com\/index.php\/wp-json\/wp\/v2\/pages\/220\/revisions"}],"predecessor-version":[{"id":1318,"href":"https:\/\/www.gaiascall.com\/index.php\/wp-json\/wp\/v2\/pages\/220\/revisions\/1318"}],"wp:attachment":[{"href":"https:\/\/www.gaiascall.com\/index.php\/wp-json\/wp\/v2\/media?parent=220"}],"curies":[{"name":"wp","href":"https:\/\/api.w.org\/{rel}","templated":true}]}}